{"id":2137,"date":"2024-06-09T17:05:50","date_gmt":"2024-06-09T17:05:50","guid":{"rendered":"https:\/\/a3.metrosan.pl\/?page_id=2137"},"modified":"2025-10-01T10:59:39","modified_gmt":"2025-10-01T10:59:39","slug":"sprawdz-gdzie-sa-dostepne-nasze-uslugi","status":"publish","type":"page","link":"https:\/\/metrosan.pl\/index.php\/sprawdz-gdzie-sa-dostepne-nasze-uslugi\/","title":{"rendered":"Sprawd\u017a gdzie s\u0105 dost\u0119pne nasze us\u0142ugi"},"content":{"rendered":"","protected":false},"excerpt":{"rendered":"","protected":false},"author":7,"featured_media":0,"parent":0,"menu_order":0,"comment_status":"closed","ping_status":"closed","template":"","meta":{"iawp_total_views":345,"footnotes":""},"class_list":["post-2137","page","type-page","status-publish","hentry"],"acf":[],"_links":{"self":[{"href":"https:\/\/metrosan.pl\/index.php\/wp-json\/wp\/v2\/pages\/2137","targetHints":{"allow":["GET"]}}],"collection":[{"href":"https:\/\/metrosan.pl\/index.php\/wp-json\/wp\/v2\/pages"}],"about":[{"href":"https:\/\/metrosan.pl\/index.php\/wp-json\/wp\/v2\/types\/page"}],"author":[{"embeddable":true,"href":"https:\/\/metrosan.pl\/index.php\/wp-json\/wp\/v2\/users\/7"}],"replies":[{"embeddable":true,"href":"https:\/\/metrosan.pl\/index.php\/wp-json\/wp\/v2\/comments?post=2137"}],"version-history":[{"count":11,"href":"https:\/\/metrosan.pl\/index.php\/wp-json\/wp\/v2\/pages\/2137\/revisions"}],"predecessor-version":[{"id":3521,"href":"https:\/\/metrosan.pl\/index.php\/wp-json\/wp\/v2\/pages\/2137\/revisions\/3521"}],"wp:attachment":[{"href":"https:\/\/metrosan.pl\/index.php\/wp-json\/wp\/v2\/media?parent=2137"}],"curies":[{"name":"wp","href":"https:\/\/api.w.org\/{rel}","templated":true}]}}